{"id":113,"date":"2014-07-29T12:43:33","date_gmt":"2014-07-29T10:43:33","guid":{"rendered":"http:\/\/vsyspertal.ac.at\/?page_id=113"},"modified":"2025-09-07T20:07:04","modified_gmt":"2025-09-07T18:07:04","slug":"gesunde-jause","status":"publish","type":"page","link":"https:\/\/vsyspertal.ac.at\/?page_id=113","title":{"rendered":"Gesunde Jause"},"content":{"rendered":"<p style=\"color: #333333;\"><strong>Liebe Eltern!<\/strong><\/p>\n<p style=\"color: #333333;\">Im Schuljahr 2025\/26 wird an unserer Schule die Aktion<strong>&#8222;Gesunde Jause&#8220; einmal pro Monat <\/strong>durchgef\u00fchrt. Immer an einem fixen Tag&nbsp; soll es f\u00fcr alle Klassen eine &#8222;Gesunde Jause&#8220; geben. Jeweils eine Klasse \u00fcbernimmt die Zubereitung f\u00fcr alle Sch\u00fclerinnen und Sch\u00fcler. Hygienevorschriften werden nat\u00fcrlich beachtet. Beginn der Aktion: <strong>&nbsp;18. September 2025, <\/strong>Ende der Aktion voraussichtlich:<strong> 25. Juni 2026<\/strong><br \/>\nAls &#8222;Hilfe&#8220; f\u00fcr die Durchf\u00fchrung der Aktion &#8222;Gesunde Jause&#8220; wurde in den letzten Jahren eine &#8222;EINKAUFSLISTE&#8220; erstellt. Diese wird Ihrem Kind vorher mitgeschickt.<\/p>\n<p>Wir Lehrkr\u00e4fte m\u00f6chten uns schon jetzt bei allen Eltern und allen Personen, die diese Aktion auch mit der Spende von gesunden Lebensmitteln unterst\u00fctzen werden, sehr herzlich bedanken.<\/p>\n<p>&nbsp;<\/p>\n<p style=\"color: #333333;\" align=\"center\"><strong><span style=\"color: #000000;\"><a href=\"https:\/\/vsyspertal.ac.at\/wp-content\/uploads\/2014\/09\/Einkaufsliste.pdf\">zur Einkaufsliste<\/a><\/span><\/strong><\/p>\n<p style=\"color: #333333;\" align=\"center\"><strong>Termine:&nbsp;<\/strong><\/p>\n<p>&nbsp;3. Klasse &#8211;&nbsp; 18. September 2025<\/p>\n<p>4b Klasse &#8211; 23. Oktober 2025<\/p>\n<p>4a Klasse &#8211; 20. November 2025<\/p>\n<p>2a Klasse &#8211; 18. Dezember 2025<\/p>\n<p>2b Klasse &#8211;&nbsp; 22. J\u00e4nner 2026<\/p>\n<p>1. Klasse &#8211;&nbsp; &nbsp;19. Februar 2026<\/p>\n<p>3. Klasse &#8211;&nbsp; 19. M\u00e4rz 2026<\/p>\n<p>4b Klasse &#8211;&nbsp; 23. April 2026<\/p>\n<p>4a Klasse &#8211;&nbsp; &nbsp;21. Mai 2026<\/p>\n<p>2a +2b Klasse &#8211; 25. Juni 2026&nbsp; &nbsp;<\/p>\n<p style=\"text-align: left;\" align=\"center\">&nbsp;<\/p>\n<p style=\"text-align: left;\" align=\"center\">&nbsp;<\/p>\n<p style=\"text-align: left;\" align=\"center\">&nbsp;<\/p>\n<p style=\"text-align: left;\" align=\"center\">&nbsp;<\/p>\n<p style=\"text-align: left;\" align=\"center\">&nbsp;<\/p>\n<p style=\"text-align: left;\" align=\"center\">&nbsp;<\/p>\n<p style=\"text-align: left;\" align=\"center\">&nbsp;<\/p>\n<p align=\"center\">&nbsp;<\/p>\n<p style=\"text-align: left;\" align=\"center\">&nbsp;<\/p>\n<p align=\"center\">&nbsp;<\/p>\n<p style=\"text-align: left;\" align=\"center\">&nbsp;<\/p>\n<p style=\"text-align: left;\" align=\"center\">&nbsp;<\/p>\n<p style=\"text-align: left;\" align=\"center\">&nbsp;<\/p>\n<p style=\"text-align: left;\" align=\"center\">&nbsp;<\/p>\n<p style=\"text-align: left;\" align=\"center\">&nbsp;<\/p>\n<p style=\"text-align: left;\" align=\"center\">&nbsp;<\/p>\n<p style=\"text-align: left;\" align=\"center\">&nbsp;<\/p>\n<p style=\"text-align: left;\" align=\"center\">&nbsp;<\/p>\n<p style=\"text-align: left;\" align=\"center\">&nbsp;<\/p>\n<p align=\"center\">&nbsp;<\/p>\n<p align=\"center\">&nbsp;<\/p>\n<p style=\"text-align: justify; color: #333333;\" align=\"center\">&nbsp;<\/p>\n<p style=\"text-align: justify; color: #333333;\" align=\"center\">&nbsp;<\/p>\n<p style=\"text-align: justify; color: #333333;\" align=\"center\">&nbsp;<\/p>\n","protected":false},"excerpt":{"rendered":"<p>Liebe Eltern! Im Schuljahr 2025\/26 wird an unserer Schule die Aktion&#8222;Gesunde Jause&#8220; einmal pro Monat durchgef\u00fchrt. Immer an einem fixen Tag&nbsp; soll es f\u00fcr alle Klassen eine &#8222;Gesunde Jause&#8220; geben. Jeweils eine Klasse \u00fcbernimmt die Zubereitung f\u00fcr alle Sch\u00fclerinnen und Sch\u00fcler. Hygienevorschriften werden nat\u00fcrlich beachtet. Beginn der Aktion: &nbsp;18. September 2025, Ende der Aktion voraussichtlich: &hellip; <a href=\"https:\/\/vsyspertal.ac.at\/?page_id=113\" class=\"more-link\"><span class=\"screen-reader-text\">Gesunde Jause<\/span> weiterlesen <span class=\"meta-nav\">&rarr;<\/span><\/a><\/p>\n","protected":false},"author":1,"featured_media":0,"parent":160,"menu_order":2,"comment_status":"closed","ping_status":"closed","template":"","meta":{"ngg_post_thumbnail":0,"footnotes":""},"class_list":["post-113","page","type-page","status-publish","hentry"],"_links":{"self":[{"href":"https:\/\/vsyspertal.ac.at\/index.php?rest_route=\/wp\/v2\/pages\/113","targetHints":{"allow":["GET"]}}],"collection":[{"href":"https:\/\/vsyspertal.ac.at\/index.php?rest_route=\/wp\/v2\/pages"}],"about":[{"href":"https:\/\/vsyspertal.ac.at\/index.php?rest_route=\/wp\/v2\/types\/page"}],"author":[{"embeddable":true,"href":"https:\/\/vsyspertal.ac.at\/index.php?rest_route=\/wp\/v2\/users\/1"}],"replies":[{"embeddable":true,"href":"https:\/\/vsyspertal.ac.at\/index.php?rest_route=%2Fwp%2Fv2%2Fcomments&post=113"}],"version-history":[{"count":138,"href":"https:\/\/vsyspertal.ac.at\/index.php?rest_route=\/wp\/v2\/pages\/113\/revisions"}],"predecessor-version":[{"id":23444,"href":"https:\/\/vsyspertal.ac.at\/index.php?rest_route=\/wp\/v2\/pages\/113\/revisions\/23444"}],"up":[{"embeddable":true,"href":"https:\/\/vsyspertal.ac.at\/index.php?rest_route=\/wp\/v2\/pages\/160"}],"wp:attachment":[{"href":"https:\/\/vsyspertal.ac.at\/index.php?rest_route=%2Fwp%2Fv2%2Fmedia&parent=113"}],"curies":[{"name":"wp","href":"https:\/\/api.w.org\/{rel}","templated":true}]}}