{"id":153,"date":"2014-07-30T11:38:50","date_gmt":"2014-07-30T09:38:50","guid":{"rendered":"http:\/\/vsyspertal.ac.at\/?page_id=153"},"modified":"2016-06-13T20:23:05","modified_gmt":"2016-06-13T18:23:05","slug":"impressum","status":"publish","type":"page","link":"https:\/\/vsyspertal.ac.at\/?page_id=153","title":{"rendered":"Impressum"},"content":{"rendered":"<p style=\"color: #333333;\">Impressum gem\u00e4\u00df \u201eMediengesetz mit Novelle 2005\u201c BGBl. Nr. 314\/1981 i.d.F. BGBl I Nr. 49\/2005<\/p>\n<p><strong>Medieninhaber, Herausgeber und Eigent\u00fcmer<br \/>\nVolksschule Yspertal<br \/>\nPisching 8<br \/>\n3683 Yspertal<\/strong><\/p>\n<p style=\"color: #333333;\"><strong>Diese Homepage ist ein Informationsmedium der VS Yspertal<\/strong><\/p>\n<p style=\"color: #333333;\">\u00a0<strong>Copyright<\/strong><\/p>\n<p style=\"color: #333333;\">Alle Rechte vorbehalten!<br \/>\nDie Vervielf\u00e4ltigung von Texten und Daten, einschlie\u00dflich Speicherung und Nutzung auf optischen und elektronischen Datentr\u00e4gern, ist nur mit vorheriger Zustimmung des Webmasters gestattet. Die Verwertung von Daten inklusive Einspeisung in Online-Dienste, Databases oder Web Sites durch unberechtigte Dritte ist untersagt.<br \/>\nBei namentlich gekennzeichneten Fotos liegen die Verwertungsrechte beim Fotografen, nicht gekennzeichnete Fotos sind Eigentum der VS Yspertal. Der Kontakt zu den Urhebern kann \u00fcber den Webmaster hergestellt werden.<br \/>\nWir sind bem\u00fcht, stets die Urheberrechte anderer zu beachten bzw. auf selbst erstellte sowie lizenzfreie Werke zur\u00fcckzugreifen.<br \/>\nDie erstellten Inhalte und Werke auf diesen Seiten unterliegen dem \u00f6sterreichischen Urheberrecht. Beitr\u00e4ge Dritter sind als solche gekennzeichnet. Die Vervielf\u00e4ltigung, Bearbeitung, Verbreitung und jede Art der Verwertung au\u00dferhalb der Grenzen des Urheberrechtes bed\u00fcrfen der schriftlichen Zustimmung des jeweiligen Autors bzw. Erstellers. Downloads und Kopien dieser Seite sind nur f\u00fcr den privaten, nicht kommerziellen Gebrauch gestattet.<\/p>\n<p style=\"color: #333333;\"><strong>Haftungsausschluss<br \/>\n<\/strong>Wir haften nicht f\u00fcr Sch\u00e4den, die aus inkorrekten oder versp\u00e4teten Inhalten oder aus Handlungen resultieren, die im Vertrauen auf die Richtigkeit des Inhaltes get\u00e4tigt wurden. Die auf dieser Website oder in Bezug habenden Dokumenten enthaltenen Informationen stellen keine Rechts- oder Anlageberatung sondern lediglich eine Information dar.<br \/>\nDer Betreiber dieser Seite distanziert sich aus rechtlichen Gr\u00fcnden ausdr\u00fccklich vom Inhalt aller extern verlinkter Seiten und \u00fcbernimmt keinerlei Haftung f\u00fcr deren Inhalt.<br \/>\nF\u00fcr die Inhalte der verlinkten Seiten ist stets der jeweilige Anbieter oder Betreiber der Seiten verantwortlich. Die verlinkten Seiten wurden zum Zeitpunkt der Verlinkung auf m\u00f6gliche Rechtsverst\u00f6\u00dfe \u00fcberpr\u00fcft. Rechtswidrige Inhalte waren zum Zeitpunkt der Verlinkung nicht erkennbar. Eine permanente inhaltliche Kontrolle der verlinkten Seiten ist jedoch ohne konkrete Anhaltspunkte einer Rechtsverletzung nicht zumutbar. Bei Bekanntwerden von Rechtsverletzungen werden wir derartige Links umgehend entfernen.<\/p>\n<p style=\"color: #333333;\">Verantwortlich f\u00fcr den Inhalt<br \/>\nWebmaster<\/p>\n<p><strong>Michaela Maier\u00a0<\/strong><\/p>\n<p>Teilweise vom kostenlosen Disclaimer http:\/\/www.e-recht24.de\/muster-disclaimer.htm \u00fcbernommen.<\/p>\n","protected":false},"excerpt":{"rendered":"<p>Impressum gem\u00e4\u00df \u201eMediengesetz mit Novelle 2005\u201c BGBl. Nr. 314\/1981 i.d.F. BGBl I Nr. 49\/2005 Medieninhaber, Herausgeber und Eigent\u00fcmer Volksschule Yspertal Pisching 8 3683 Yspertal Diese Homepage ist ein Informationsmedium der VS Yspertal \u00a0Copyright Alle Rechte vorbehalten! Die Vervielf\u00e4ltigung von Texten und Daten, einschlie\u00dflich Speicherung und Nutzung auf optischen und elektronischen Datentr\u00e4gern, ist nur mit vorheriger &hellip; <a href=\"https:\/\/vsyspertal.ac.at\/?page_id=153\" class=\"more-link\"><span class=\"screen-reader-text\">Impressum<\/span> weiterlesen <span class=\"meta-nav\">&rarr;<\/span><\/a><\/p>\n","protected":false},"author":1,"featured_media":0,"parent":160,"menu_order":3,"comment_status":"closed","ping_status":"closed","template":"","meta":{"ngg_post_thumbnail":0,"footnotes":""},"class_list":["post-153","page","type-page","status-publish","hentry"],"_links":{"self":[{"href":"https:\/\/vsyspertal.ac.at\/index.php?rest_route=\/wp\/v2\/pages\/153","targetHints":{"allow":["GET"]}}],"collection":[{"href":"https:\/\/vsyspertal.ac.at\/index.php?rest_route=\/wp\/v2\/pages"}],"about":[{"href":"https:\/\/vsyspertal.ac.at\/index.php?rest_route=\/wp\/v2\/types\/page"}],"author":[{"embeddable":true,"href":"https:\/\/vsyspertal.ac.at\/index.php?rest_route=\/wp\/v2\/users\/1"}],"replies":[{"embeddable":true,"href":"https:\/\/vsyspertal.ac.at\/index.php?rest_route=%2Fwp%2Fv2%2Fcomments&post=153"}],"version-history":[{"count":4,"href":"https:\/\/vsyspertal.ac.at\/index.php?rest_route=\/wp\/v2\/pages\/153\/revisions"}],"predecessor-version":[{"id":7479,"href":"https:\/\/vsyspertal.ac.at\/index.php?rest_route=\/wp\/v2\/pages\/153\/revisions\/7479"}],"up":[{"embeddable":true,"href":"https:\/\/vsyspertal.ac.at\/index.php?rest_route=\/wp\/v2\/pages\/160"}],"wp:attachment":[{"href":"https:\/\/vsyspertal.ac.at\/index.php?rest_route=%2Fwp%2Fv2%2Fmedia&parent=153"}],"curies":[{"name":"wp","href":"https:\/\/api.w.org\/{rel}","templated":true}]}}