{"id":16625,"date":"2019-10-19T13:49:54","date_gmt":"2019-10-19T11:49:54","guid":{"rendered":"http:\/\/vsyspertal.ac.at\/?page_id=16625"},"modified":"2019-10-19T13:56:10","modified_gmt":"2019-10-19T11:56:10","slug":"gesunde-volksschule","status":"publish","type":"page","link":"https:\/\/vsyspertal.ac.at\/?page_id=16625","title":{"rendered":"Gesunde Volksschule"},"content":{"rendered":"<p><img loading=\"lazy\" decoding=\"async\" class=\"alignnone size-full wp-image-16629\" src=\"https:\/\/vsyspertal.ac.at\/wp-content\/uploads\/2019\/10\/077_20191007_medium.jpg\" alt=\"\" width=\"902\" height=\"601\" srcset=\"https:\/\/vsyspertal.ac.at\/wp-content\/uploads\/2019\/10\/077_20191007_medium.jpg 902w, https:\/\/vsyspertal.ac.at\/wp-content\/uploads\/2019\/10\/077_20191007_medium-300x200.jpg 300w, https:\/\/vsyspertal.ac.at\/wp-content\/uploads\/2019\/10\/077_20191007_medium-768x512.jpg 768w\" sizes=\"auto, (max-width: 902px) 100vw, 902px\" \/><\/p>\n<p><img loading=\"lazy\" decoding=\"async\" class=\"alignnone wp-image-16626\" src=\"https:\/\/vsyspertal.ac.at\/wp-content\/uploads\/2019\/10\/Button-Netzwerk-Gesunde-Schule-1024x1024.png\" alt=\"\" width=\"223\" height=\"223\" srcset=\"https:\/\/vsyspertal.ac.at\/wp-content\/uploads\/2019\/10\/Button-Netzwerk-Gesunde-Schule-1024x1024.png 1024w, https:\/\/vsyspertal.ac.at\/wp-content\/uploads\/2019\/10\/Button-Netzwerk-Gesunde-Schule-150x150.png 150w, https:\/\/vsyspertal.ac.at\/wp-content\/uploads\/2019\/10\/Button-Netzwerk-Gesunde-Schule-300x300.png 300w, https:\/\/vsyspertal.ac.at\/wp-content\/uploads\/2019\/10\/Button-Netzwerk-Gesunde-Schule-768x769.png 768w, https:\/\/vsyspertal.ac.at\/wp-content\/uploads\/2019\/10\/Button-Netzwerk-Gesunde-Schule.png 1262w\" sizes=\"auto, (max-width: 223px) 100vw, 223px\" \/><img loading=\"lazy\" decoding=\"async\" class=\"alignnone wp-image-16627\" src=\"https:\/\/vsyspertal.ac.at\/wp-content\/uploads\/2019\/10\/Gesunde-VS_GOLD-1024x776.png\" alt=\"\" width=\"308\" height=\"234\" srcset=\"https:\/\/vsyspertal.ac.at\/wp-content\/uploads\/2019\/10\/Gesunde-VS_GOLD-1024x776.png 1024w, https:\/\/vsyspertal.ac.at\/wp-content\/uploads\/2019\/10\/Gesunde-VS_GOLD-300x227.png 300w, https:\/\/vsyspertal.ac.at\/wp-content\/uploads\/2019\/10\/Gesunde-VS_GOLD-768x582.png 768w, https:\/\/vsyspertal.ac.at\/wp-content\/uploads\/2019\/10\/Gesunde-VS_GOLD.png 1225w\" sizes=\"auto, (max-width: 308px) 100vw, 308px\" \/><\/p>\n<p><strong>F\u00fcr\u2019s Leben gelernt \u2013 Erfolg f\u00fcr \u201eGesunde Schule\u201c der N\u00d6GKK<\/strong><\/p>\n<p><strong>52 Schulen erhielten Plaketten f\u00fcr Teilnahme an Programm der N\u00d6 Gebietskrankenkasse <\/strong><\/p>\n<p>Gesundheit macht Schule: Denn wer sich k\u00f6rperlich und geistig fit h\u00e4lt, lernt auch leichter. 52 Mal wurde am Montag, den 7. Oktober 2019, in St. P\u00f6lten die Plakette f\u00fcr die Auszeichnung als \u201eGesunde Schule\u201c von der N\u00d6 Gebietskrankenkasse verliehen. F\u00fcr 33 dieser 52 Schulen gab es sogar die Plakette in Gold, die vergeben wird, wenn eine Schule vier Jahre in Folge gesundheitsf\u00f6rderliche Arbeit geleistet und qualit\u00e4tsvolle Ma\u00dfnahmen umgesetzt hat.<\/p>\n<p>Gesundheitslandesr\u00e4tin Ulrike K\u00f6nigsberger-Ludwig und die Leiterin des Bereichs P\u00e4dagogischer Dienst von der Bildungsdirektion N\u00d6, Hofr\u00e4tin Doris Wagner, MEd, BEd, \u00fcberreichten gemeinsam mit N\u00d6GKK-Direktor G\u00fcnter Steindl die Auszeichnungen. Sie alle zeigten sich erfreut \u00fcber die wachsende Begeisterung heimischer Lehrerinnen und Lehrer sowie Sch\u00fclerinnen und Sch\u00fcler, Gesundheitsf\u00f6rderung und Pr\u00e4vention in den Schulalltag zu integrieren.<\/p>\n<p>\u201eDie Arbeit mit Nieder\u00f6sterreichs Schulen hat f\u00fcr die N\u00d6 Gebietskrankenkasse einen hohen Stellenwert\u201c, betonte N\u00d6GKK-Direktor G\u00fcnter Steindl. \u201eDie immer h\u00f6heren Teilnahmezahlen am Programm freuen uns daher ganz besonders. Die positiven Effekte auf die Kinder, Jugendlichen und das Lehrpersonal werden immer wieder in Umfragen best\u00e4tigt und sprechen sich herum: Der Gesundheitszustand verbessert sich, die Motivation steigt und damit auch der Lernerfolg. Jede Schule, die im ,Netzwerk Gesunde Schule der N\u00d6GKK\u2018 integriert ist, hat bereits gewonnen.\u201c<\/p>\n<p><strong>275 teilnehmende Schulen in Nieder\u00f6sterreich<\/strong><\/p>\n<p>Seit dem Jahr 2005 unterst\u00fctzt das \u201eService Stelle Schule\u201c-Team der N\u00d6GKK Volksschulen, Allgemeine Sonderschulen, Montessori-Schulen, polytechnische Schulen, Berufsschulen, berufsbildende mittlere und h\u00f6here Schulen (BMHS) sowie AHS (Oberstufe) bei der Erstellung von Gesundheitsma\u00dfnahmen in den Klassen. Im heurigen Schuljahr werden 275 Schulen von der N\u00d6GKK betreut.<\/p>\n<p>Nieder\u00f6sterreichs Gesundheitslandesr\u00e4tin Ulrike K\u00f6nigsberger-Ludwig wei\u00df um die Bedeutung des Programms: \u201eIn den fr\u00fchen Lebensjahren werden ma\u00dfgebliche Bausteine f\u00fcr das sp\u00e4tere Leben gelegt \u2013 besonders auch in puncto Gesundheit. Die richtige Ern\u00e4hrung, ausreichend Bewegung und gute Betreuung bei psychischen und physischen Problemstellungen geben unseren J\u00fcngsten das richtige Werkzeug f\u00fcr eine gute und gesunde Zukunft mit auf den Weg. Ich danke daher der N\u00d6GKK und den partizipierenden Schulen f\u00fcr das Projekt ,Gesunde (Volks-)Schule\u2018. Es ist ein kleiner, aber wichtiger und erfolgreicher Baustein im Leben unserer Kinder\u201c, so die Landesr\u00e4tin bei der Verleihung.<\/p>\n<p>&nbsp;<\/p>\n<p>&nbsp;<\/p>\n","protected":false},"excerpt":{"rendered":"<p>F\u00fcr\u2019s Leben gelernt \u2013 Erfolg f\u00fcr \u201eGesunde Schule\u201c der N\u00d6GKK 52 Schulen erhielten Plaketten f\u00fcr Teilnahme an Programm der N\u00d6 Gebietskrankenkasse Gesundheit macht Schule: Denn wer sich k\u00f6rperlich und geistig fit h\u00e4lt, lernt auch leichter. 52 Mal wurde am Montag, den 7. Oktober 2019, in St. P\u00f6lten die Plakette f\u00fcr die Auszeichnung als \u201eGesunde Schule\u201c &hellip; <a href=\"https:\/\/vsyspertal.ac.at\/?page_id=16625\" class=\"more-link\"><span class=\"screen-reader-text\">Gesunde Volksschule<\/span> weiterlesen <span class=\"meta-nav\">&rarr;<\/span><\/a><\/p>\n","protected":false},"author":1,"featured_media":0,"parent":0,"menu_order":8,"comment_status":"closed","ping_status":"closed","template":"","meta":{"ngg_post_thumbnail":0,"footnotes":""},"class_list":["post-16625","page","type-page","status-publish","hentry"],"_links":{"self":[{"href":"https:\/\/vsyspertal.ac.at\/index.php?rest_route=\/wp\/v2\/pages\/16625","targetHints":{"allow":["GET"]}}],"collection":[{"href":"https:\/\/vsyspertal.ac.at\/index.php?rest_route=\/wp\/v2\/pages"}],"about":[{"href":"https:\/\/vsyspertal.ac.at\/index.php?rest_route=\/wp\/v2\/types\/page"}],"author":[{"embeddable":true,"href":"https:\/\/vsyspertal.ac.at\/index.php?rest_route=\/wp\/v2\/users\/1"}],"replies":[{"embeddable":true,"href":"https:\/\/vsyspertal.ac.at\/index.php?rest_route=%2Fwp%2Fv2%2Fcomments&post=16625"}],"version-history":[{"count":3,"href":"https:\/\/vsyspertal.ac.at\/index.php?rest_route=\/wp\/v2\/pages\/16625\/revisions"}],"predecessor-version":[{"id":16643,"href":"https:\/\/vsyspertal.ac.at\/index.php?rest_route=\/wp\/v2\/pages\/16625\/revisions\/16643"}],"wp:attachment":[{"href":"https:\/\/vsyspertal.ac.at\/index.php?rest_route=%2Fwp%2Fv2%2Fmedia&parent=16625"}],"curies":[{"name":"wp","href":"https:\/\/api.w.org\/{rel}","templated":true}]}}