{"id":33,"date":"2014-07-29T10:43:08","date_gmt":"2014-07-29T08:43:08","guid":{"rendered":"http:\/\/vsyspertal.ac.at\/?page_id=33"},"modified":"2026-01-25T11:16:56","modified_gmt":"2026-01-25T09:16:56","slug":"leitbild","status":"publish","type":"page","link":"https:\/\/vsyspertal.ac.at\/?page_id=33","title":{"rendered":"Leitbild"},"content":{"rendered":"<h5 style=\"color: #990033; text-align: left;\" align=\"center\">Schule mit Vergangenheit, Gegenwart und Zukunft!<\/h5>\n<p style=\"color: #333333;\"><strong>Wir bauen das Fundament, auf dem die weiteren Schulen (NN\u00d6MS, AHS) aufbauen k\u00f6nnen.<\/strong><\/p>\n<ul style=\"color: #333333;\">\n<li>Lesen \u2013 Schreiben \u2013 Rechnen als Mittelpunkt unserer Arbeit<\/li>\n<li>H\u00f6flichkeit \u2013 Freundlichkeit \u2013 Hilfsbereitschaft als Erziehungsschwerpunkte<\/li>\n<\/ul>\n<p><strong>Das bieten wir zus\u00e4tzlich an:<\/strong><\/p>\n<ul style=\"color: #333333;\">\n<li>Schwimmunterricht \u2013 Schwimmabzeichen<\/li>\n<li>Arbeit am Computer und am Tablet<\/li>\n<li>Radfahrpr\u00fcfung<\/li>\n<li>Teilnahme an Bezirksveranstaltungen<\/li>\n<li>Schwimmen \u2013 Fu\u00dfball<\/li>\n<li>Verbindliche \u00dcbungen: Interessen-und Begabungsf\u00f6rderung, Informatik in der Grundschule, Chor<\/li>\n<li>VS Yspertal ist &#8222;Gesunde Volksschule&#8220; und NOE &#8211; &#8222;Wasserschule&#8220;<\/li>\n<li>Teilnahme an den Projekten: Kinder gesund bewegen und Apollonia<\/li>\n<li>Viele Schulveranstaltungen und schulbezogene Veranstaltungen<\/li>\n<li>\u00d6ffentlichkeitsarbeit &#8211; Schulhomepage<\/li>\n<li>Mitglied des Campus Yspertal -sehr gute Zusammenarbeit mit den Bildungseinrichtungen der Region<\/li>\n<li>Beste Zusammenarbeit mit der Yspertaler Bev\u00f6lkerung: Gemeinde \u2013 Firmen \u2013 Vereine<\/li>\n<li>&#8230;&#8230;&#8230;. und vieles mehr &#8230;&#8230;&#8230;.<\/li>\n<\/ul>\n<p><strong><br \/>\nDavon &#8222;tr\u00e4umen&#8220; wir &#8211; unsere Visionen<\/strong>:<\/p>\n<ul style=\"color: #333333;\">\n<li>Erf\u00fcllung aller W\u00fcnsche in der Zusammenarbeit &#8222;Lehrer-Sch\u00fcler-Eltern&#8220;<\/li>\n<li>VS Yspertal als &#8222;Anlaufstelle&#8220; bei den verschiedensten Elternanliegen nach dem Motto:<\/li>\n<li>\u201eWir sind immer f\u00fcr Sie da\u201c<\/li>\n<\/ul>\n<div style=\"color: #333333;\">Wenn auch manches f\u00fcr uns ein Traum bleiben sollte, wir wollen uns auf jeden Fall in die richtige Richtung zum Wohle der gesamten Bev\u00f6lkerung des Yspertales entwickeln.<\/div>\n<p>Tr\u00e4ume k\u00f6nnen wir nur andeuten, vom wirklichen Geschehen an unserer Volksschule Yspertal \u00fcberzeugen Sie sich bitte selbst!<\/p>\n<p>Wir laden Sie herzlich ein, sich unsere Homepage n\u00e4her anzuschauen!<\/p>\n<div style=\"color: #333333;\">\n<hr>\n<\/div>\n<div style=\"color: #333333;\">\n<h5 style=\"color: #990033;\">F\u00f6rderkonzept der Volksschule Yspertal<\/h5>\n<p><strong><span style=\"text-decoration: underline;\">Gemeinsame Bildungsziele&nbsp;unserer Bildungsregion:<\/span><\/strong><\/p>\n<p>Verantwortung f\u00fcr sich und andere \u00fcbernehmen k\u00f6nnen und d\u00fcrfen<\/p>\n<p>Achtsamer Umgang mit allen und allem<\/p>\n<p>Begeisterung und Kreativit\u00e4t als Motor f\u00fcr Leistung und Erfolg<\/p>\n<div>\n<div align=\"left\"><strong>1. Angebote an unserer Volksschule:<\/strong><\/div>\n<div align=\"left\">\n<ul>\n<li>Interessens-und Begabungsf\u00f6rderung<\/li>\n<li>Informatik in der Grundschule<\/li>\n<li>Schwimmunterricht im Rahmen von BSP<\/li>\n<li>Schwimmtraining \u2013 zus\u00e4tzlich zu BSP<\/li>\n<li>Teilnahme an Bezirksmeisterschaften: Schwimmen, Sumsi &#8211; Erima &#8211; Fu\u00dfballcup<\/li>\n<li>Training f\u00fcr den Sumsi &#8211; Erima-Fu\u00dfballcup au\u00dferhalb des Unterrichts<\/li>\n<li>Lehrausg\u00e4nge zu den \u00f6rtlichen Betrieben<\/li>\n<li>Besuch der Landeshauptstadt<\/li>\n<li>Teilnahme an der Waldp\u00e4dagogik<\/li>\n<li>Kindermusiktheater &#8211; Zirkusvorf\u00fchrungen<\/li>\n<li>Buchstabenfest<\/li>\n<li>Lesenacht<\/li>\n<li>Projekttag<\/li>\n<li>Brauchtumspflege: Nikolaus, Weihnachtsfeiern usw.<\/li>\n<\/ul>\n<\/div>\n<\/div>\n<p><strong>2. Unterrichtsplanung:<\/strong><\/p>\n<p>Lernziele ergeben sich aus dem Lehrplan in allen Schulstufen. Das Erreichen der Etappenziele wird von der jeweiligen Lehrkraft regelm\u00e4\u00dfig durch Wiederholungen und \u00dcbungen ohne Notenbeurteilung \u00fcberpr\u00fcft.<\/p>\n<p><strong>3. Unterrichtsqualit\u00e4t:<\/strong><\/p>\n<p>Differenzierung und Individualisierung erfolgen in den Klassen durch die verschiedene L\u00e4nge und Schwierigkeit der gestellten Aufgaben und durch zus\u00e4tzliche Angebote wie verschiedene Lernspiele am PC und am Tablet, leistungsdifferenzierte Arbeitsbl\u00e4tter, Arbeitspl\u00e4ne, Lernkarteien und Lernspiele.<br \/>\nDefizite werden vorerst von der Klassenlehrkraft (auch in Zusammenarbeit mit den Eltern), dann in sp\u00e4terer Folge von den Lehrkr\u00e4ften, die das Kind im Rahmen einer besonderen Sch\u00fclerf\u00f6rderung einzeln betreuen, festgestellt.<br \/>\nIndividuelle F\u00f6rderkonzepte im Rahmen des Fr\u00fchwarnsystems werden von Klassenlehrkraft, Schulleitung und Eltern gemeinsam erstellt.<br \/>\nAuf besondere Nachhaltigkeit wird stets geachtet \u2013 der Grundsatz soll hier immer lauten: Es wird nichts verlangt, was nicht f\u00fcr die sp\u00e4tere Schullaufbahn wichtig ist.<br \/>\nDie F\u00f6rderstunden werden in die Unterrichtszeit integriert, wobei Kinder mit Lerndefiziten t\u00e4glich einzeln gef\u00f6rdert werden. Diese F\u00f6rderung erfolgt durch verschiedene Lehrkr\u00e4fte in Absprache mit der Klassenlehrkraft.<\/p>\n<p><strong>4. Vision:<\/strong><\/p>\n<p>Die F\u00f6rderung der Sch\u00fcler soll dazu f\u00fchren, dass jedes Kind bestm\u00f6glich auf seine weitere Laufbahn vorbereitet wird. Sch\u00fcler und Eltern sollen auch im sp\u00e4teren Leben davon \u00fcberzeugt sein, dass die Volksschulzeit nahezu alles geboten hat, was m\u00f6glich war.<\/p>\n<p><strong>5.&nbsp; F\u00f6rderung aus der Sicht der Schulleitung:<\/strong><\/p>\n<p>Der Schulleiter ist in allen Klassen in die F\u00f6rderung mit eingebunden. S\u00e4mtliche Formen werden gemeinsam erarbeitet, regelm\u00e4\u00dfig kritisch durchleuchtet und bei Bedarf auch sofort abge\u00e4ndert. Eine Evaluierung erfolgt durch regelm\u00e4\u00dfige Gespr\u00e4che mit Lehrkr\u00e4ften und Eltern, wobei nicht einzelne Punkte evaluiert werden, sondern das jeweilige Gesamtkonzept auf den Erfolg hin untersucht wird. Nahezu t\u00e4gliche Diskussionen im Lehrerzimmer sollen verhindern, dass Fehlformen l\u00e4nger unbeachtet bleiben.<\/p>\n<p><strong>6. Evaluierung:<\/strong><\/p>\n<p>Die Art der F\u00f6rderung wird in regelm\u00e4\u00dfigen Gespr\u00e4chen zwischen Lehrkr\u00e4ften und Eltern behandelt, wobei sofort auf positive und negative Kritik reagiert wird. Zufriedene Eltern und zufriedene Lehrer bedeuten f\u00fcr uns, dass der eingeschlagene Weg fortgesetzt werden kann. Wenn auch nur eine Seite unzufrieden ist, wird sofort an einer m\u00f6glichen Verbesserung gearbeitet.<\/p>\n<p><strong>7. Besondere Schwerpunkte unseres F\u00f6rderkonzepts:<\/strong><\/p>\n<ul>\n<li>Lehrkr\u00e4fte und Eltern arbeiten gemeinsam zum Wohle des Kindes \u2013 das ist das Motto der gesamten schulischen Arbeit.<\/li>\n<li>Es wird keine Art der F\u00f6rderung durchgef\u00fchrt, die nicht sowohl von den Eltern als auch von den Lehrkr\u00e4ften bef\u00fcrwortet wird.<\/li>\n<li>Der F\u00f6rderunterricht wird bereits seit dem Schuljahr 2005\/06 in die Unterrichtszeit integriert. Dabei werden vor allem Sch\u00fcler mit Lerndefiziten t\u00e4glich gef\u00f6rdert. Somit kann auf auftretende Probleme rasch reagiert werden, ohne die bisherige \u201eF\u00f6rderstunde\u201c abwarten zu m\u00fcssen. Au\u00dferdem wird dadurch ein kontinuierliches Arbeiten erm\u00f6glicht.<\/li>\n<\/ul>\n<p><strong>8. Erg\u00e4nzende \u00dcberlegungen:<\/strong><\/p>\n<ul>\n<li>\u201eNahtstellengespr\u00e4che\u201c und eine gute Zusammenarbeit im Zuge des Bildungscampus Yspertal finden regelm\u00e4\u00dfig zwischen VS und Sportmittelschule Yspertal statt.<\/li>\n<li>Regelm\u00e4\u00dfige Elterninformationen sind oberstes Gebot. Diese beginnen bereits vor Eintritt in die Volksschule und ziehen sich durch alle 4 Jahre der Volksschulzeit.<\/li>\n<li>Schulveranstaltungen liegen im Ermessen der jeweiligen Klassenlehrkraft. Manche Angebote gibt es aber trotzdem regelm\u00e4\u00dfig. Beispiele daf\u00fcr sind Eislauftage in allen 4 Schulstufen, Waldp\u00e4dagogik in der 3. Klasse, Landeshauptstadt in der 4. Klasse usw.<\/li>\n<li>Bei Verhaltensauff\u00e4lligkeiten gibt es das \u201et\u00e4gliche Gespr\u00e4ch\u201c zwischen Sch\u00fcler und Schulleitung bzw. Klassenlehrkraft. Dieses findet so lange statt, bis sich die Situation wieder beruhigt hat. Bei besonders \u201eschweren F\u00e4llen\u201c gibt es auch regelm\u00e4\u00dfige Elterninformationen. Eltern und Sch\u00fcler arbeiten dabei dann eng zusammen (R\u00fcckmeldungen usw.)<\/li>\n<li>Zusammenarbeit mit vielen \u201eau\u00dferschulischen Einrichtungen\u201c in der Gemeinde wird besonders angestrebt. Beispiele daf\u00fcr sind der Sportverein, die 3 Pfarrgemeinden, die Yspertaler Wirtschaft usw.<\/li>\n<\/ul>\n<p><strong>9. Lernkompetenz und Lernkultur:<\/strong><\/p>\n<ul>\n<li>Sach- und Methodenkompetenz: Wird bei uns in der Volksschule von Grund auf aufgebaut. \u00dcbersichtlichkeit, Regelm\u00e4\u00dfigkeit und Festigung des Wissens sollen mithelfen, um sp\u00e4ter diese Kompetenz immer mehr auszubauen. Informationen verarbeiten, Strukturen erkennen, Wissen erarbeiten und Lernergebnisse pr\u00e4sentieren wird nur dann gelingen, wenn die notwendigen Grundf\u00e4higkeiten und Grundfertigkeiten vorhanden sind. Diese wollen wir in unserer Volksschule den Sch\u00fclern mitgeben.<\/li>\n<li>Soziale Kompetenz: Jeder einzelne Sch\u00fcler soll mit dem notwendigen R\u00fcstzeug ausgestattet werden, damit er auch \u201eteamf\u00e4hig\u201c wird. Zusammenarbeit und gegenseitige Unterst\u00fctzung wird angestrebt. Die Teilnahme an verschiedenen \u201eTeambewerben\u201c soll dazu f\u00fchren, damit die Sch\u00fcler erkennen, dass f\u00fcr Erfolg einerseits Eigenk\u00f6nnen, aber andererseits auch die Leistung des Partners ganz wichtig ist.&nbsp; Beispiele daf\u00fcr w\u00e4ren Mannschaftsbewerbe wie Schwimmen, Fu\u00dfball, Kiddy-Cup, Bewerb \u201eDie ganze Klasse schwimmt gemeinsam\u201c usw. Au\u00dferdem haben bei uns Freundlichkeit und H\u00f6flichkeit einen sehr hohen Stellenwert (Gr\u00fc\u00dfen usw.).<\/li>\n<li>Selbstkompetenz: Die Vorbildwirkung der Lehrkr\u00e4fte soll dazu f\u00fchren, dass die Sch\u00fcler verschiedene Verhaltensweisen anstreben. Wenn es auch oft nur sehr schwer gelingt, so ist eines unserer gr\u00f6\u00dften Ziele, dass die Sch\u00fcler&nbsp; der \u201eKompetenz des Lehrers\u201c nacheifern und dadurch die Selbstkompetenz entsprechend ausbauen.<\/li>\n<\/ul>\n<p><strong>10. Abschlie\u00dfende Bemerkungen:<\/strong><\/p>\n<p>Das Konzept soll dazu f\u00fchren, einen geradlinigen Weg zu gehen, Fehler nach M\u00f6glichkeit zu minimieren bzw. m\u00f6glichst rasch zu erkennen und somit die Kinder bestm\u00f6glich auf ihren weiteren Lebensweg vorzubereiten. Bei allen \u00dcberlegungen darf aber nicht vergessen werden, dass wir es mit \u201eMenschen\u201c und nicht mit irgendwelchen \u201eMaschinen\u201c zu tun haben, die auf Knopfdruck funktionieren. Wenn wir glauben, dass eine bereits erfolgreiche Aktion sich bei jedem Sch\u00fcler wieder positiv auswirken muss, so werden wir wahrscheinlich scheitern.<strong> \u201eEltern und Lehrer arbeiten gemeinsam zum Wohle der Kinder\u201c<\/strong> \u2013 das soll das <strong>Motto unserer Schule<\/strong> sein. Die Meinung der Yspertaler Bev\u00f6lkerung \u00fcber unsere Volksschule ist f\u00fcr uns enorm wichtig. Nur wenn die Bev\u00f6lkerung unsere Arbeit bef\u00fcrwortet und mit tr\u00e4gt, kann die Arbeit erfolgreich sein. Ein Gegeneinander w\u00e4re vollkommen verkehrt. Deshalb wollen wir unseren eingeschlagenen Weg fortsetzen, notwendige Korrekturen vornehmen, auf Elternw\u00fcnsche eingehen und immer \u00fcberlegen, ob unsere Forderungen auch f\u00fcr die Zukunft des Kindes wichtig und f\u00f6rderlich sind. Wir machen unsere Arbeit nicht deshalb, weil sie gefordert wird, sondern weil sie f\u00fcr die Entwicklung des Kindes f\u00f6rderlich ist.<\/p>\n<\/div>\n","protected":false},"excerpt":{"rendered":"<p>Schule mit Vergangenheit, Gegenwart und Zukunft! Wir bauen das Fundament, auf dem die weiteren Schulen (NN\u00d6MS, AHS) aufbauen k\u00f6nnen. Lesen \u2013 Schreiben \u2013 Rechnen als Mittelpunkt unserer Arbeit H\u00f6flichkeit \u2013 Freundlichkeit \u2013 Hilfsbereitschaft als Erziehungsschwerpunkte Das bieten wir zus\u00e4tzlich an: Schwimmunterricht \u2013 Schwimmabzeichen Arbeit am Computer und am Tablet Radfahrpr\u00fcfung Teilnahme an Bezirksveranstaltungen Schwimmen \u2013 &hellip; <a href=\"https:\/\/vsyspertal.ac.at\/?page_id=33\" class=\"more-link\"><span class=\"screen-reader-text\">Leitbild<\/span> weiterlesen <span class=\"meta-nav\">&rarr;<\/span><\/a><\/p>\n","protected":false},"author":1,"featured_media":0,"parent":0,"menu_order":2,"comment_status":"closed","ping_status":"closed","template":"","meta":{"ngg_post_thumbnail":0,"footnotes":""},"class_list":["post-33","page","type-page","status-publish","hentry"],"_links":{"self":[{"href":"https:\/\/vsyspertal.ac.at\/index.php?rest_route=\/wp\/v2\/pages\/33","targetHints":{"allow":["GET"]}}],"collection":[{"href":"https:\/\/vsyspertal.ac.at\/index.php?rest_route=\/wp\/v2\/pages"}],"about":[{"href":"https:\/\/vsyspertal.ac.at\/index.php?rest_route=\/wp\/v2\/types\/page"}],"author":[{"embeddable":true,"href":"https:\/\/vsyspertal.ac.at\/index.php?rest_route=\/wp\/v2\/users\/1"}],"replies":[{"embeddable":true,"href":"https:\/\/vsyspertal.ac.at\/index.php?rest_route=%2Fwp%2Fv2%2Fcomments&post=33"}],"version-history":[{"count":15,"href":"https:\/\/vsyspertal.ac.at\/index.php?rest_route=\/wp\/v2\/pages\/33\/revisions"}],"predecessor-version":[{"id":23859,"href":"https:\/\/vsyspertal.ac.at\/index.php?rest_route=\/wp\/v2\/pages\/33\/revisions\/23859"}],"wp:attachment":[{"href":"https:\/\/vsyspertal.ac.at\/index.php?rest_route=%2Fwp%2Fv2%2Fmedia&parent=33"}],"curies":[{"name":"wp","href":"https:\/\/api.w.org\/{rel}","templated":true}]}}