{"id":44,"date":"2014-07-29T10:45:29","date_gmt":"2014-07-29T08:45:29","guid":{"rendered":"http:\/\/vsyspertal.ac.at\/?page_id=44"},"modified":"2025-10-17T11:15:07","modified_gmt":"2025-10-17T09:15:07","slug":"4a-klasse","status":"publish","type":"page","link":"https:\/\/vsyspertal.ac.at\/?page_id=44","title":{"rendered":"3.Klasse"},"content":{"rendered":"<p style=\"text-align: center;\"><strong>Schuljahr 2025\/26<\/strong><\/p>\n<p>&nbsp;&nbsp;&nbsp;&nbsp;&nbsp;&nbsp;&nbsp;&nbsp;&nbsp;&nbsp;&nbsp;&nbsp;&nbsp;&nbsp;&nbsp;&nbsp;&nbsp;&nbsp;&nbsp;&nbsp;&nbsp;&nbsp;&nbsp;&nbsp;&nbsp;&nbsp;&nbsp;&nbsp;&nbsp;&nbsp;&nbsp;&nbsp;&nbsp;&nbsp;&nbsp;&nbsp;&nbsp;&nbsp;&nbsp;&nbsp;&nbsp;&nbsp;&nbsp;&nbsp;&nbsp;&nbsp;&nbsp;&nbsp;&nbsp; <a href=\"https:\/\/vsyspertal.ac.at\/wp-content\/uploads\/2025\/10\/k-Schulfotografie-VS-Yspertal-2025-3.Kl_.jpg\"><img loading=\"lazy\" decoding=\"async\" class=\"alignnone size-full wp-image-23569\" src=\"https:\/\/vsyspertal.ac.at\/wp-content\/uploads\/2025\/10\/k-Schulfotografie-VS-Yspertal-2025-3.Kl_.jpg\" alt=\"\" width=\"640\" height=\"426\" srcset=\"https:\/\/vsyspertal.ac.at\/wp-content\/uploads\/2025\/10\/k-Schulfotografie-VS-Yspertal-2025-3.Kl_.jpg 640w, https:\/\/vsyspertal.ac.at\/wp-content\/uploads\/2025\/10\/k-Schulfotografie-VS-Yspertal-2025-3.Kl_-300x200.jpg 300w\" sizes=\"auto, (max-width: 640px) 100vw, 640px\" \/><\/a><\/p>\n<p style=\"text-align: center;\">22 Sch\u00fclerinnen und Sch\u00fcler<\/p>\n<p style=\"text-align: center;\">Klassenlehrerin: VL Dipl. P\u00e4d. Verena H\u00f6ningl<\/p>\n","protected":false},"excerpt":{"rendered":"<p>Schuljahr 2025\/26 &nbsp;&nbsp;&nbsp;&nbsp;&nbsp;&nbsp;&nbsp;&nbsp;&nbsp;&nbsp;&nbsp;&nbsp;&nbsp;&nbsp;&nbsp;&nbsp;&nbsp;&nbsp;&nbsp;&nbsp;&nbsp;&nbsp;&nbsp;&nbsp;&nbsp;&nbsp;&nbsp;&nbsp;&nbsp;&nbsp;&nbsp;&nbsp;&nbsp;&nbsp;&nbsp;&nbsp;&nbsp;&nbsp;&nbsp;&nbsp;&nbsp;&nbsp;&nbsp;&nbsp;&nbsp;&nbsp;&nbsp;&nbsp;&nbsp; 22 Sch\u00fclerinnen und Sch\u00fcler Klassenlehrerin: VL Dipl. P\u00e4d. Verena H\u00f6ningl<\/p>\n","protected":false},"author":1,"featured_media":0,"parent":35,"menu_order":2,"comment_status":"closed","ping_status":"closed","template":"","meta":{"ngg_post_thumbnail":0,"footnotes":""},"class_list":["post-44","page","type-page","status-publish","hentry"],"_links":{"self":[{"href":"https:\/\/vsyspertal.ac.at\/index.php?rest_route=\/wp\/v2\/pages\/44","targetHints":{"allow":["GET"]}}],"collection":[{"href":"https:\/\/vsyspertal.ac.at\/index.php?rest_route=\/wp\/v2\/pages"}],"about":[{"href":"https:\/\/vsyspertal.ac.at\/index.php?rest_route=\/wp\/v2\/types\/page"}],"author":[{"embeddable":true,"href":"https:\/\/vsyspertal.ac.at\/index.php?rest_route=\/wp\/v2\/users\/1"}],"replies":[{"embeddable":true,"href":"https:\/\/vsyspertal.ac.at\/index.php?rest_route=%2Fwp%2Fv2%2Fcomments&post=44"}],"version-history":[{"count":43,"href":"https:\/\/vsyspertal.ac.at\/index.php?rest_route=\/wp\/v2\/pages\/44\/revisions"}],"predecessor-version":[{"id":23599,"href":"https:\/\/vsyspertal.ac.at\/index.php?rest_route=\/wp\/v2\/pages\/44\/revisions\/23599"}],"up":[{"embeddable":true,"href":"https:\/\/vsyspertal.ac.at\/index.php?rest_route=\/wp\/v2\/pages\/35"}],"wp:attachment":[{"href":"https:\/\/vsyspertal.ac.at\/index.php?rest_route=%2Fwp%2Fv2%2Fmedia&parent=44"}],"curies":[{"name":"wp","href":"https:\/\/api.w.org\/{rel}","templated":true}]}}